{"id":25,"date":"2025-03-10T10:34:59","date_gmt":"2025-03-10T10:34:59","guid":{"rendered":"https:\/\/tiendainterrogacion.rkinformatika.online\/?page_id=25"},"modified":"2025-03-11T09:07:14","modified_gmt":"2025-03-11T09:07:14","slug":"servicios","status":"publish","type":"page","link":"https:\/\/tiendainterrogacion.com\/en\/servicios\/","title":{"rendered":"Services"},"content":{"rendered":"<div data-elementor-type=\"wp-post\" data-elementor-id=\"25\" class=\"elementor elementor-25\" data-elementor-post-type=\"page\">\n\t\t\t\t<div class=\"elementor-element elementor-element-b582508 e-flex e-con-boxed e-con e-parent\" data-id=\"b582508\" data-element_type=\"container\" data-e-type=\"container\" data-settings=\"{&quot;background_background&quot;:&quot;classic&quot;}\">\n\t\t\t\t\t<div class=\"e-con-inner\">\n\t\t\t\t\t<\/div>\n\t\t\t\t<\/div>\n\t\t<div class=\"elementor-element elementor-element-da11c1b e-flex e-con-boxed e-con e-parent\" data-id=\"da11c1b\" data-element_type=\"container\" data-e-type=\"container\">\n\t\t\t\t\t<div class=\"e-con-inner\">\n\t\t\t\t<div class=\"elementor-element elementor-element-e7ee8f4 elementor-widget elementor-widget-heading\" data-id=\"e7ee8f4\" data-element_type=\"widget\" data-e-type=\"widget\" data-widget_type=\"heading.default\">\n\t\t\t\t<div class=\"elementor-widget-container\">\n\t\t\t\t\t<h2 class=\"elementor-heading-title elementor-size-default\">Nuestros servicios<\/h2>\t\t\t\t<\/div>\n\t\t\t\t<\/div>\n\t\t\t\t\t<\/div>\n\t\t\t\t<\/div>\n\t\t<div class=\"elementor-element elementor-element-16ea8b1 e-flex e-con-boxed e-con e-parent\" data-id=\"16ea8b1\" data-element_type=\"container\" data-e-type=\"container\">\n\t\t\t\t\t<div class=\"e-con-inner\">\n\t\t<div class=\"elementor-element elementor-element-b1af3a8 e-flex e-con-boxed e-con e-child\" data-id=\"b1af3a8\" data-element_type=\"container\" data-e-type=\"container\">\n\t\t\t\t\t<div class=\"e-con-inner\">\n\t\t\t\t<div class=\"elementor-element elementor-element-0346c16 elementor-widget elementor-widget-image\" data-id=\"0346c16\" data-element_type=\"widget\" data-e-type=\"widget\" data-widget_type=\"image.default\">\n\t\t\t\t<div class=\"elementor-widget-container\">\n\t\t\t\t\t\t\t\t\t\t\t\t\t\t\t<img decoding=\"async\" src=\"https:\/\/tiendainterrogacion.com\/wp-content\/uploads\/elementor\/thumbs\/tiendainterrogacioninterior3-r2njo15cgne5t065ctqkaynyf7tdowvp0fkeg4daj4.jpg\" title=\"tiendainterrogacioninterior3\" alt=\"tiendainterrogacioninterior3\" loading=\"lazy\" \/>\t\t\t\t\t\t\t\t\t\t\t\t\t\t\t<\/div>\n\t\t\t\t<\/div>\n\t\t\t\t<div class=\"elementor-element elementor-element-ef585ec elementor-widget elementor-widget-heading\" data-id=\"ef585ec\" data-element_type=\"widget\" data-e-type=\"widget\" data-widget_type=\"heading.default\">\n\t\t\t\t<div class=\"elementor-widget-container\">\n\t\t\t\t\t<h2 class=\"elementor-heading-title elementor-size-default\">Venta de Bolsos de Mujer y Hombre<\/h2>\t\t\t\t<\/div>\n\t\t\t\t<\/div>\n\t\t\t\t<div class=\"elementor-element elementor-element-9f39eb4 elementor-widget elementor-widget-text-editor\" data-id=\"9f39eb4\" data-element_type=\"widget\" data-e-type=\"widget\" data-widget_type=\"text-editor.default\">\n\t\t\t\t<div class=\"elementor-widget-container\">\n\t\t\t\t\t\t\t\t\t<p>Descubre nuestra exclusiva colecci\u00f3n de bolsos, dise\u00f1ados para adaptarse a todos los estilos y ocasiones. Desde modelos elegantes y sofisticados hasta opciones casuales y pr\u00e1cticas, tenemos el bolso perfecto para complementar tu look.<\/p>\t\t\t\t\t\t\t\t<\/div>\n\t\t\t\t<\/div>\n\t\t\t\t\t<\/div>\n\t\t\t\t<\/div>\n\t\t<div class=\"elementor-element elementor-element-fc0cf2c e-flex e-con-boxed e-con e-child\" data-id=\"fc0cf2c\" data-element_type=\"container\" data-e-type=\"container\">\n\t\t\t\t\t<div class=\"e-con-inner\">\n\t\t\t\t<div class=\"elementor-element elementor-element-a5e1850 elementor-widget elementor-widget-image\" data-id=\"a5e1850\" data-element_type=\"widget\" data-e-type=\"widget\" data-widget_type=\"image.default\">\n\t\t\t\t<div class=\"elementor-widget-container\">\n\t\t\t\t\t\t\t\t\t\t\t\t\t\t\t<img decoding=\"async\" src=\"https:\/\/tiendainterrogacion.com\/wp-content\/uploads\/elementor\/thumbs\/tiendainterrogacioninterior1-r2njq2gr9q6iyl7ngpfgpg5wr9s0dayraig9vpcl1s.jpg\" title=\"tiendainterrogacioninterior1\" alt=\"tiendainterrogacioninterior1\" loading=\"lazy\" \/>\t\t\t\t\t\t\t\t\t\t\t\t\t\t\t<\/div>\n\t\t\t\t<\/div>\n\t\t\t\t<div class=\"elementor-element elementor-element-0d6e508 elementor-widget elementor-widget-heading\" data-id=\"0d6e508\" data-element_type=\"widget\" data-e-type=\"widget\" data-widget_type=\"heading.default\">\n\t\t\t\t<div class=\"elementor-widget-container\">\n\t\t\t\t\t<h2 class=\"elementor-heading-title elementor-size-default\">Complementos de Moda<\/h2>\t\t\t\t<\/div>\n\t\t\t\t<\/div>\n\t\t\t\t<div class=\"elementor-element elementor-element-e1bd519 elementor-widget elementor-widget-text-editor\" data-id=\"e1bd519\" data-element_type=\"widget\" data-e-type=\"widget\" data-widget_type=\"text-editor.default\">\n\t\t\t\t<div class=\"elementor-widget-container\">\n\t\t\t\t\t\t\t\t\t<p>Ofrecemos una selecci\u00f3n cuidadosamente curada de cinturones, carteras, gafas de sol y otros accesorios que a\u00f1aden un toque especial a tu outfit. Encuentra aqu\u00ed esos detalles que marcan la diferencia.<\/p>\t\t\t\t\t\t\t\t<\/div>\n\t\t\t\t<\/div>\n\t\t\t\t\t<\/div>\n\t\t\t\t<\/div>\n\t\t\t\t\t<\/div>\n\t\t\t\t<\/div>\n\t\t<div class=\"elementor-element elementor-element-85539f8 e-flex e-con-boxed e-con e-parent\" data-id=\"85539f8\" data-element_type=\"container\" data-e-type=\"container\">\n\t\t\t\t\t<div class=\"e-con-inner\">\n\t\t<div class=\"elementor-element elementor-element-9a7d4f3 e-flex e-con-boxed e-con e-child\" data-id=\"9a7d4f3\" data-element_type=\"container\" data-e-type=\"container\">\n\t\t\t\t\t<div class=\"e-con-inner\">\n\t\t\t\t<div class=\"elementor-element elementor-element-d43dc79 elementor-widget elementor-widget-image\" data-id=\"d43dc79\" data-element_type=\"widget\" data-e-type=\"widget\" data-widget_type=\"image.default\">\n\t\t\t\t<div class=\"elementor-widget-container\">\n\t\t\t\t\t\t\t\t\t\t\t\t\t\t\t<img decoding=\"async\" src=\"https:\/\/tiendainterrogacion.com\/wp-content\/uploads\/elementor\/thumbs\/vestidomujertiendainterrogacion-r2nkw1x8jbnljk86aurk2ur3yuu86ln52bh1kn3j4g.jpg\" title=\"vestidomujertiendainterrogacion\" alt=\"vestidomujertiendainterrogacion\" loading=\"lazy\" \/>\t\t\t\t\t\t\t\t\t\t\t\t\t\t\t<\/div>\n\t\t\t\t<\/div>\n\t\t\t\t<div class=\"elementor-element elementor-element-5368e79 elementor-widget elementor-widget-heading\" data-id=\"5368e79\" data-element_type=\"widget\" data-e-type=\"widget\" data-widget_type=\"heading.default\">\n\t\t\t\t<div class=\"elementor-widget-container\">\n\t\t\t\t\t<h2 class=\"elementor-heading-title elementor-size-default\">Ropa para Mujer<\/h2>\t\t\t\t<\/div>\n\t\t\t\t<\/div>\n\t\t\t\t<div class=\"elementor-element elementor-element-6e038a0 elementor-widget elementor-widget-text-editor\" data-id=\"6e038a0\" data-element_type=\"widget\" data-e-type=\"widget\" data-widget_type=\"text-editor.default\">\n\t\t\t\t<div class=\"elementor-widget-container\">\n\t\t\t\t\t\t\t\t\t<p>Descubre nuestra exclusiva colecci\u00f3n de bolsos, dise\u00f1ados para adaptarse a todos los estilos y ocasiones. Desde modelos elegantes y sofisticados hasta opciones casuales y pr\u00e1cticas, tenemos el bolso perfecto para complementar tu look.<\/p>\t\t\t\t\t\t\t\t<\/div>\n\t\t\t\t<\/div>\n\t\t\t\t\t<\/div>\n\t\t\t\t<\/div>\n\t\t<div class=\"elementor-element elementor-element-e4b8322 e-flex e-con-boxed e-con e-child\" data-id=\"e4b8322\" data-element_type=\"container\" data-e-type=\"container\">\n\t\t\t\t\t<div class=\"e-con-inner\">\n\t\t\t\t<div class=\"elementor-element elementor-element-76c5dc1 elementor-widget elementor-widget-image\" data-id=\"76c5dc1\" data-element_type=\"widget\" data-e-type=\"widget\" data-widget_type=\"image.default\">\n\t\t\t\t<div class=\"elementor-widget-container\">\n\t\t\t\t\t\t\t\t\t\t\t\t\t\t\t<img decoding=\"async\" src=\"https:\/\/tiendainterrogacion.com\/wp-content\/uploads\/elementor\/thumbs\/tiendainterrogacionventa1-r2nl846o8s62jepdv2h72t62evdsyrj4q0vdah7n9s.jpg\" title=\"tiendainterrogacionventa1\" alt=\"tiendainterrogacionventa1\" loading=\"lazy\" \/>\t\t\t\t\t\t\t\t\t\t\t\t\t\t\t<\/div>\n\t\t\t\t<\/div>\n\t\t\t\t<div class=\"elementor-element elementor-element-9e94512 elementor-widget elementor-widget-heading\" data-id=\"9e94512\" data-element_type=\"widget\" data-e-type=\"widget\" data-widget_type=\"heading.default\">\n\t\t\t\t<div class=\"elementor-widget-container\">\n\t\t\t\t\t<h2 class=\"elementor-heading-title elementor-size-default\">Asesoramiento de Imagen Personalizado<\/h2>\t\t\t\t<\/div>\n\t\t\t\t<\/div>\n\t\t\t\t<div class=\"elementor-element elementor-element-181de2a elementor-widget elementor-widget-text-editor\" data-id=\"181de2a\" data-element_type=\"widget\" data-e-type=\"widget\" data-widget_type=\"text-editor.default\">\n\t\t\t\t<div class=\"elementor-widget-container\">\n\t\t\t\t\t\t\t\t\t<p>Nuestro equipo est\u00e1 siempre disponible para ofrecerte asesoramiento personalizado. Te ayudamos a elegir los bolsos, complementos y prendas que mejor se adapten a tu estilo, cuerpo y ocasi\u00f3n.<\/p>\t\t\t\t\t\t\t\t<\/div>\n\t\t\t\t<\/div>\n\t\t\t\t\t<\/div>\n\t\t\t\t<\/div>\n\t\t\t\t\t<\/div>\n\t\t\t\t<\/div>\n\t\t<div class=\"elementor-element elementor-element-a31897e e-flex e-con-boxed e-con e-parent\" data-id=\"a31897e\" data-element_type=\"container\" data-e-type=\"container\">\n\t\t\t\t\t<div class=\"e-con-inner\">\n\t\t<div class=\"elementor-element elementor-element-79dc096 e-flex e-con-boxed e-con e-child\" data-id=\"79dc096\" data-element_type=\"container\" data-e-type=\"container\">\n\t\t\t\t\t<div class=\"e-con-inner\">\n\t\t\t\t<div class=\"elementor-element elementor-element-e985104 elementor-widget elementor-widget-image\" data-id=\"e985104\" data-element_type=\"widget\" data-e-type=\"widget\" data-widget_type=\"image.default\">\n\t\t\t\t<div class=\"elementor-widget-container\">\n\t\t\t\t\t\t\t\t\t\t\t\t\t\t\t<img decoding=\"async\" src=\"https:\/\/tiendainterrogacion.com\/wp-content\/uploads\/elementor\/thumbs\/tiendainterrogacionventa2-r2nldezws5fa0907wuygmz0n039bdbkn49axpncq6o.jpg\" title=\"tiendainterrogacionventa2\" alt=\"tiendainterrogacionventa2\" loading=\"lazy\" \/>\t\t\t\t\t\t\t\t\t\t\t\t\t\t\t<\/div>\n\t\t\t\t<\/div>\n\t\t\t\t<div class=\"elementor-element elementor-element-e393f27 elementor-widget elementor-widget-heading\" data-id=\"e393f27\" data-element_type=\"widget\" data-e-type=\"widget\" data-widget_type=\"heading.default\">\n\t\t\t\t<div class=\"elementor-widget-container\">\n\t\t\t\t\t<h2 class=\"elementor-heading-title elementor-size-default\">Regalos y Detalles Especiales<\/h2>\t\t\t\t<\/div>\n\t\t\t\t<\/div>\n\t\t\t\t<div class=\"elementor-element elementor-element-1cc1479 elementor-widget elementor-widget-text-editor\" data-id=\"1cc1479\" data-element_type=\"widget\" data-e-type=\"widget\" data-widget_type=\"text-editor.default\">\n\t\t\t\t<div class=\"elementor-widget-container\">\n\t\t\t\t\t\t\t\t\t<p>\u00bfBuscas un regalo \u00fanico? En Tienda Interrogaci\u00f3n te ayudamos a encontrar el detalle perfecto para esa persona especial. Contamos con opciones elegantes y originales que sorprender\u00e1n a tus seres queridos.<\/p>\t\t\t\t\t\t\t\t<\/div>\n\t\t\t\t<\/div>\n\t\t\t\t\t<\/div>\n\t\t\t\t<\/div>\n\t\t<div class=\"elementor-element elementor-element-f27a1d0 e-flex e-con-boxed e-con e-child\" data-id=\"f27a1d0\" data-element_type=\"container\" data-e-type=\"container\">\n\t\t\t\t\t<div class=\"e-con-inner\">\n\t\t\t\t<div class=\"elementor-element elementor-element-a72ccb2 elementor-widget elementor-widget-image\" data-id=\"a72ccb2\" data-element_type=\"widget\" data-e-type=\"widget\" data-widget_type=\"image.default\">\n\t\t\t\t<div class=\"elementor-widget-container\">\n\t\t\t\t\t\t\t\t\t\t\t\t\t\t\t<img decoding=\"async\" src=\"https:\/\/tiendainterrogacion.com\/wp-content\/uploads\/elementor\/thumbs\/tiendainterrogacionexterior2-r2nlo2i28k09l5j5pgq8wa8pdar2ltv4kzh1ijk3o0.jpg\" title=\"tiendainterrogacionexterior2\" alt=\"tiendainterrogacionexterior2\" loading=\"lazy\" \/>\t\t\t\t\t\t\t\t\t\t\t\t\t\t\t<\/div>\n\t\t\t\t<\/div>\n\t\t\t\t<div class=\"elementor-element elementor-element-4238577 elementor-widget elementor-widget-heading\" data-id=\"4238577\" data-element_type=\"widget\" data-e-type=\"widget\" data-widget_type=\"heading.default\">\n\t\t\t\t<div class=\"elementor-widget-container\">\n\t\t\t\t\t<h2 class=\"elementor-heading-title elementor-size-default\">Atenci\u00f3n al Cliente Cercana y Personalizada<\/h2>\t\t\t\t<\/div>\n\t\t\t\t<\/div>\n\t\t\t\t<div class=\"elementor-element elementor-element-885df7d elementor-widget elementor-widget-text-editor\" data-id=\"885df7d\" data-element_type=\"widget\" data-e-type=\"widget\" data-widget_type=\"text-editor.default\">\n\t\t\t\t<div class=\"elementor-widget-container\">\n\t\t\t\t\t\t\t\t\t<p>En Tienda Interrogaci\u00f3n, nos caracterizamos por nuestra cercan\u00eda y trato amable. Nos encanta conocer a nuestros clientes y ofrecerles una atenci\u00f3n c\u00e1lida y personalizada, porque para nosotros, t\u00fa eres lo m\u00e1s importante.<\/p>\t\t\t\t\t\t\t\t<\/div>\n\t\t\t\t<\/div>\n\t\t\t\t\t<\/div>\n\t\t\t\t<\/div>\n\t\t\t\t\t<\/div>\n\t\t\t\t<\/div>\n\t\t\t\t<\/div>","protected":false},"excerpt":{"rendered":"<p>Nuestros servicios Venta de Bolsos de Mujer y Hombre Descubre nuestra exclusiva colecci\u00f3n de bolsos, dise\u00f1ados para adaptarse a todos los estilos y ocasiones. Desde modelos elegantes y sofisticados hasta opciones casuales y pr\u00e1cticas, tenemos el bolso perfecto para complementar tu look. Complementos de Moda Ofrecemos una selecci\u00f3n cuidadosamente curada de cinturones, carteras, gafas de [&hellip;]<\/p>\n","protected":false},"author":1,"featured_media":0,"parent":0,"menu_order":0,"comment_status":"closed","ping_status":"closed","template":"elementor_canvas","meta":{"footnotes":""},"class_list":["post-25","page","type-page","status-publish","hentry"],"yoast_head":"<!-- This site is optimized with the Yoast SEO plugin v27.5 - https:\/\/yoast.com\/product\/yoast-seo-wordpress\/ -->\n<title>Servicios - Tienda Interrogaci\u00f3n<\/title>\n<meta name=\"robots\" content=\"index, follow, max-snippet:-1, max-image-preview:large, max-video-preview:-1\" \/>\n<link rel=\"canonical\" href=\"https:\/\/tiendainterrogacion.com\/en\/servicios\/\" \/>\n<meta property=\"og:locale\" content=\"en_US\" \/>\n<meta property=\"og:type\" content=\"article\" \/>\n<meta property=\"og:title\" content=\"Servicios - Tienda Interrogaci\u00f3n\" \/>\n<meta property=\"og:description\" content=\"Nuestros servicios Venta de Bolsos de Mujer y Hombre Descubre nuestra exclusiva colecci\u00f3n de bolsos, dise\u00f1ados para adaptarse a todos los estilos y ocasiones. Desde modelos elegantes y sofisticados hasta opciones casuales y pr\u00e1cticas, tenemos el bolso perfecto para complementar tu look. Complementos de Moda Ofrecemos una selecci\u00f3n cuidadosamente curada de cinturones, carteras, gafas de [&hellip;]\" \/>\n<meta property=\"og:url\" content=\"https:\/\/tiendainterrogacion.com\/en\/servicios\/\" \/>\n<meta property=\"og:site_name\" content=\"Tienda Interrogaci\u00f3n\" \/>\n<meta property=\"article:modified_time\" content=\"2025-03-11T09:07:14+00:00\" \/>\n<meta property=\"og:image\" content=\"https:\/\/tiendainterrogacion.com\/wp-content\/uploads\/elementor\/thumbs\/tiendainterrogacioninterior3-r2njo15cgne5t065ctqkaynyf7tdowvp0fkeg4daj4.jpg\" \/>\n<meta name=\"twitter:card\" content=\"summary_large_image\" \/>\n<meta name=\"twitter:label1\" content=\"Est. reading time\" \/>\n\t<meta name=\"twitter:data1\" content=\"3 minutes\" \/>\n<script type=\"application\/ld+json\" class=\"yoast-schema-graph\">{\"@context\":\"https:\\\/\\\/schema.org\",\"@graph\":[{\"@type\":\"WebPage\",\"@id\":\"https:\\\/\\\/tiendainterrogacion.com\\\/servicios\\\/\",\"url\":\"https:\\\/\\\/tiendainterrogacion.com\\\/servicios\\\/\",\"name\":\"Servicios - Tienda Interrogaci\u00f3n\",\"isPartOf\":{\"@id\":\"https:\\\/\\\/tiendainterrogacion.com\\\/#website\"},\"primaryImageOfPage\":{\"@id\":\"https:\\\/\\\/tiendainterrogacion.com\\\/servicios\\\/#primaryimage\"},\"image\":{\"@id\":\"https:\\\/\\\/tiendainterrogacion.com\\\/servicios\\\/#primaryimage\"},\"thumbnailUrl\":\"https:\\\/\\\/tiendainterrogacion.com\\\/wp-content\\\/uploads\\\/elementor\\\/thumbs\\\/tiendainterrogacioninterior3-r2njo15cgne5t065ctqkaynyf7tdowvp0fkeg4daj4.jpg\",\"datePublished\":\"2025-03-10T10:34:59+00:00\",\"dateModified\":\"2025-03-11T09:07:14+00:00\",\"breadcrumb\":{\"@id\":\"https:\\\/\\\/tiendainterrogacion.com\\\/servicios\\\/#breadcrumb\"},\"inLanguage\":\"en-US\",\"potentialAction\":[{\"@type\":\"ReadAction\",\"target\":[\"https:\\\/\\\/tiendainterrogacion.com\\\/servicios\\\/\"]}]},{\"@type\":\"ImageObject\",\"inLanguage\":\"en-US\",\"@id\":\"https:\\\/\\\/tiendainterrogacion.com\\\/servicios\\\/#primaryimage\",\"url\":\"https:\\\/\\\/tiendainterrogacion.com\\\/wp-content\\\/uploads\\\/elementor\\\/thumbs\\\/tiendainterrogacioninterior3-r2njo15cgne5t065ctqkaynyf7tdowvp0fkeg4daj4.jpg\",\"contentUrl\":\"https:\\\/\\\/tiendainterrogacion.com\\\/wp-content\\\/uploads\\\/elementor\\\/thumbs\\\/tiendainterrogacioninterior3-r2njo15cgne5t065ctqkaynyf7tdowvp0fkeg4daj4.jpg\"},{\"@type\":\"BreadcrumbList\",\"@id\":\"https:\\\/\\\/tiendainterrogacion.com\\\/servicios\\\/#breadcrumb\",\"itemListElement\":[{\"@type\":\"ListItem\",\"position\":1,\"name\":\"Portada\",\"item\":\"https:\\\/\\\/tiendainterrogacion.com\\\/\"},{\"@type\":\"ListItem\",\"position\":2,\"name\":\"Servicios\"}]},{\"@type\":\"WebSite\",\"@id\":\"https:\\\/\\\/tiendainterrogacion.com\\\/#website\",\"url\":\"https:\\\/\\\/tiendainterrogacion.com\\\/\",\"name\":\"Tienda Interrogaci\u00f3n\",\"description\":\"Bolsos y Complementos\",\"publisher\":{\"@id\":\"https:\\\/\\\/tiendainterrogacion.com\\\/#organization\"},\"potentialAction\":[{\"@type\":\"SearchAction\",\"target\":{\"@type\":\"EntryPoint\",\"urlTemplate\":\"https:\\\/\\\/tiendainterrogacion.com\\\/?s={search_term_string}\"},\"query-input\":{\"@type\":\"PropertyValueSpecification\",\"valueRequired\":true,\"valueName\":\"search_term_string\"}}],\"inLanguage\":\"en-US\"},{\"@type\":\"Organization\",\"@id\":\"https:\\\/\\\/tiendainterrogacion.com\\\/#organization\",\"name\":\"Tienda Interrogaci\u00f3n\",\"url\":\"https:\\\/\\\/tiendainterrogacion.com\\\/\",\"logo\":{\"@type\":\"ImageObject\",\"inLanguage\":\"en-US\",\"@id\":\"https:\\\/\\\/tiendainterrogacion.com\\\/#\\\/schema\\\/logo\\\/image\\\/\",\"url\":\"https:\\\/\\\/tiendainterrogacion.com\\\/wp-content\\\/uploads\\\/2025\\\/03\\\/cropped-logotipotiendainterrogacion.jpg\",\"contentUrl\":\"https:\\\/\\\/tiendainterrogacion.com\\\/wp-content\\\/uploads\\\/2025\\\/03\\\/cropped-logotipotiendainterrogacion.jpg\",\"width\":1031,\"height\":1032,\"caption\":\"Tienda Interrogaci\u00f3n\"},\"image\":{\"@id\":\"https:\\\/\\\/tiendainterrogacion.com\\\/#\\\/schema\\\/logo\\\/image\\\/\"}}]}<\/script>\n<!-- \/ Yoast SEO plugin. -->","yoast_head_json":{"title":"Servicios - Tienda Interrogaci\u00f3n","robots":{"index":"index","follow":"follow","max-snippet":"max-snippet:-1","max-image-preview":"max-image-preview:large","max-video-preview":"max-video-preview:-1"},"canonical":"https:\/\/tiendainterrogacion.com\/en\/servicios\/","og_locale":"en_US","og_type":"article","og_title":"Servicios - Tienda Interrogaci\u00f3n","og_description":"Nuestros servicios Venta de Bolsos de Mujer y Hombre Descubre nuestra exclusiva colecci\u00f3n de bolsos, dise\u00f1ados para adaptarse a todos los estilos y ocasiones. Desde modelos elegantes y sofisticados hasta opciones casuales y pr\u00e1cticas, tenemos el bolso perfecto para complementar tu look. Complementos de Moda Ofrecemos una selecci\u00f3n cuidadosamente curada de cinturones, carteras, gafas de [&hellip;]","og_url":"https:\/\/tiendainterrogacion.com\/en\/servicios\/","og_site_name":"Tienda Interrogaci\u00f3n","article_modified_time":"2025-03-11T09:07:14+00:00","og_image":[{"url":"https:\/\/tiendainterrogacion.com\/wp-content\/uploads\/elementor\/thumbs\/tiendainterrogacioninterior3-r2njo15cgne5t065ctqkaynyf7tdowvp0fkeg4daj4.jpg","type":"","width":"","height":""}],"twitter_card":"summary_large_image","twitter_misc":{"Est. reading time":"3 minutes"},"schema":{"@context":"https:\/\/schema.org","@graph":[{"@type":"WebPage","@id":"https:\/\/tiendainterrogacion.com\/servicios\/","url":"https:\/\/tiendainterrogacion.com\/servicios\/","name":"Servicios - Tienda Interrogaci\u00f3n","isPartOf":{"@id":"https:\/\/tiendainterrogacion.com\/#website"},"primaryImageOfPage":{"@id":"https:\/\/tiendainterrogacion.com\/servicios\/#primaryimage"},"image":{"@id":"https:\/\/tiendainterrogacion.com\/servicios\/#primaryimage"},"thumbnailUrl":"https:\/\/tiendainterrogacion.com\/wp-content\/uploads\/elementor\/thumbs\/tiendainterrogacioninterior3-r2njo15cgne5t065ctqkaynyf7tdowvp0fkeg4daj4.jpg","datePublished":"2025-03-10T10:34:59+00:00","dateModified":"2025-03-11T09:07:14+00:00","breadcrumb":{"@id":"https:\/\/tiendainterrogacion.com\/servicios\/#breadcrumb"},"inLanguage":"en-US","potentialAction":[{"@type":"ReadAction","target":["https:\/\/tiendainterrogacion.com\/servicios\/"]}]},{"@type":"ImageObject","inLanguage":"en-US","@id":"https:\/\/tiendainterrogacion.com\/servicios\/#primaryimage","url":"https:\/\/tiendainterrogacion.com\/wp-content\/uploads\/elementor\/thumbs\/tiendainterrogacioninterior3-r2njo15cgne5t065ctqkaynyf7tdowvp0fkeg4daj4.jpg","contentUrl":"https:\/\/tiendainterrogacion.com\/wp-content\/uploads\/elementor\/thumbs\/tiendainterrogacioninterior3-r2njo15cgne5t065ctqkaynyf7tdowvp0fkeg4daj4.jpg"},{"@type":"BreadcrumbList","@id":"https:\/\/tiendainterrogacion.com\/servicios\/#breadcrumb","itemListElement":[{"@type":"ListItem","position":1,"name":"Portada","item":"https:\/\/tiendainterrogacion.com\/"},{"@type":"ListItem","position":2,"name":"Servicios"}]},{"@type":"WebSite","@id":"https:\/\/tiendainterrogacion.com\/#website","url":"https:\/\/tiendainterrogacion.com\/","name":"Tienda Interrogaci\u00f3n","description":"Bolsos y Complementos","publisher":{"@id":"https:\/\/tiendainterrogacion.com\/#organization"},"potentialAction":[{"@type":"SearchAction","target":{"@type":"EntryPoint","urlTemplate":"https:\/\/tiendainterrogacion.com\/?s={search_term_string}"},"query-input":{"@type":"PropertyValueSpecification","valueRequired":true,"valueName":"search_term_string"}}],"inLanguage":"en-US"},{"@type":"Organization","@id":"https:\/\/tiendainterrogacion.com\/#organization","name":"Tienda Interrogaci\u00f3n","url":"https:\/\/tiendainterrogacion.com\/","logo":{"@type":"ImageObject","inLanguage":"en-US","@id":"https:\/\/tiendainterrogacion.com\/#\/schema\/logo\/image\/","url":"https:\/\/tiendainterrogacion.com\/wp-content\/uploads\/2025\/03\/cropped-logotipotiendainterrogacion.jpg","contentUrl":"https:\/\/tiendainterrogacion.com\/wp-content\/uploads\/2025\/03\/cropped-logotipotiendainterrogacion.jpg","width":1031,"height":1032,"caption":"Tienda Interrogaci\u00f3n"},"image":{"@id":"https:\/\/tiendainterrogacion.com\/#\/schema\/logo\/image\/"}}]}},"_links":{"self":[{"href":"https:\/\/tiendainterrogacion.com\/en\/wp-json\/wp\/v2\/pages\/25","targetHints":{"allow":["GET"]}}],"collection":[{"href":"https:\/\/tiendainterrogacion.com\/en\/wp-json\/wp\/v2\/pages"}],"about":[{"href":"https:\/\/tiendainterrogacion.com\/en\/wp-json\/wp\/v2\/types\/page"}],"author":[{"embeddable":true,"href":"https:\/\/tiendainterrogacion.com\/en\/wp-json\/wp\/v2\/users\/1"}],"replies":[{"embeddable":true,"href":"https:\/\/tiendainterrogacion.com\/en\/wp-json\/wp\/v2\/comments?post=25"}],"version-history":[{"count":97,"href":"https:\/\/tiendainterrogacion.com\/en\/wp-json\/wp\/v2\/pages\/25\/revisions"}],"predecessor-version":[{"id":487,"href":"https:\/\/tiendainterrogacion.com\/en\/wp-json\/wp\/v2\/pages\/25\/revisions\/487"}],"wp:attachment":[{"href":"https:\/\/tiendainterrogacion.com\/en\/wp-json\/wp\/v2\/media?parent=25"}],"curies":[{"name":"wp","href":"https:\/\/api.w.org\/{rel}","templated":true}]}}